{"id":157,"date":"2020-02-18T09:16:15","date_gmt":"2020-02-18T08:16:15","guid":{"rendered":"http:\/\/pyramidgroup-gci.com\/?page_id=157"},"modified":"2020-08-29T16:34:56","modified_gmt":"2020-08-29T14:34:56","slug":"home","status":"publish","type":"page","link":"https:\/\/pyramidgroup-gci.com\/index.php\/en\/home\/","title":{"rendered":"Home"},"content":{"rendered":"<div id=\"pl-gb157-69fb2de189651\"  class=\"panel-layout\" ><div id=\"pg-gb157-69fb2de189651-0\"  class=\"panel-grid panel-no-style\" ><div id=\"pgc-gb157-69fb2de189651-0-0\"  class=\"panel-grid-cell\" ><div id=\"panel-gb157-69fb2de189651-0-0-0\" class=\"so-panel widget widget_media_image panel-first-child panel-last-child\" data-index=\"0\" ><img width=\"300\" height=\"200\" src=\"https:\/\/pyramidgroup-gci.com\/wp-content\/uploads\/2020\/08\/IMG_0517-1-300x200.jpg\" class=\"image wp-image-647  attachment-medium size-medium\" alt=\"\" loading=\"lazy\" style=\"max-width: 100%; height: auto;\" srcset=\"https:\/\/pyramidgroup-gci.com\/wp-content\/uploads\/2020\/08\/IMG_0517-1-300x200.jpg 300w, https:\/\/pyramidgroup-gci.com\/wp-content\/uploads\/2020\/08\/IMG_0517-1-1024x683.jpg 1024w, https:\/\/pyramidgroup-gci.com\/wp-content\/uploads\/2020\/08\/IMG_0517-1-768x512.jpg 768w, https:\/\/pyramidgroup-gci.com\/wp-content\/uploads\/2020\/08\/IMG_0517-1-1536x1024.jpg 1536w, https:\/\/pyramidgroup-gci.com\/wp-content\/uploads\/2020\/08\/IMG_0517-1-2048x1365.jpg 2048w, https:\/\/pyramidgroup-gci.com\/wp-content\/uploads\/2020\/08\/IMG_0517-1-272x182.jpg 272w\" sizes=\"(max-width: 300px) 100vw, 300px\" \/><\/div><\/div><div id=\"pgc-gb157-69fb2de189651-0-1\"  class=\"panel-grid-cell\" ><div id=\"panel-gb157-69fb2de189651-0-1-0\" class=\"so-panel widget widget_text panel-first-child panel-last-child\" data-index=\"1\" ><h3 class=\"widget-title\">Notre Approche<\/h3>\t\t\t<div class=\"textwidget\"><p style=\"text-align: justify;\">Le d\u00e9veloppement de notre cabinet repose sur <strong>l&#8217;approche professionnelle de notre conseil<\/strong> bas\u00e9e sur l&#8217;excellence des prestations fournies.<\/p>\n<p>Nous avons ainsi d\u00e9velopp\u00e9 <strong>une approche qualit\u00e9<\/strong> qui est syst\u00e9matiquement mise en \u0153uvre et adapt\u00e9e \u00e0 chaque client.<\/p>\n<p>Afin d&#8217;assurer un service de qualit\u00e9 pour chaque mission, nous mettons en place une \u00e9quipe de consultants ayant <strong>l&#8217;exp\u00e9rience pratique et les comp\u00e9tences<\/strong> <strong>techniques<\/strong> requises.<\/p>\n<p>L&#8217;\u00e9quipe est dirig\u00e9e d&#8217;un point de vue op\u00e9rationnel par un responsable qui assure la gestion globale de la mission.<\/p>\n<p><strong>Les 42 collaborateurs<\/strong> permanents du cabinet et les consultants externes sont des experts ayant une exp\u00e9rience av\u00e9r\u00e9e dans le <strong>domaine de la conception<\/strong> et de la <strong>mise en \u0153uvre de syst\u00e8mes d&#8217;information<\/strong>, de <strong>l&#8217;audit<\/strong>, de la <strong>gestion d&#8217;entreprise<\/strong>, de la <strong>macro\u00e9conomie<\/strong> et de <strong>l&#8217;assistance institutionnelle.<\/strong><\/p>\n<p><em>Notre personnel est multiculturel venant de plusieurs pays (S\u00e9n\u00e9gal, B\u00e9nin, Burkina Faso, C\u00f4te d&#8217;Ivoire, Niger, Inde et Maurice).<\/em><\/p>\n<\/div>\n\t\t<\/div><\/div><\/div><\/div>","protected":false},"excerpt":{"rendered":"","protected":false},"author":1,"featured_media":0,"parent":0,"menu_order":0,"comment_status":"closed","ping_status":"closed","template":"template-parts\/frontpage.php","meta":[],"_links":{"self":[{"href":"https:\/\/pyramidgroup-gci.com\/index.php\/wp-json\/wp\/v2\/pages\/157"}],"collection":[{"href":"https:\/\/pyramidgroup-gci.com\/index.php\/wp-json\/wp\/v2\/pages"}],"about":[{"href":"https:\/\/pyramidgroup-gci.com\/index.php\/wp-json\/wp\/v2\/types\/page"}],"author":[{"embeddable":true,"href":"https:\/\/pyramidgroup-gci.com\/index.php\/wp-json\/wp\/v2\/users\/1"}],"replies":[{"embeddable":true,"href":"https:\/\/pyramidgroup-gci.com\/index.php\/wp-json\/wp\/v2\/comments?post=157"}],"version-history":[{"count":4,"href":"https:\/\/pyramidgroup-gci.com\/index.php\/wp-json\/wp\/v2\/pages\/157\/revisions"}],"predecessor-version":[{"id":649,"href":"https:\/\/pyramidgroup-gci.com\/index.php\/wp-json\/wp\/v2\/pages\/157\/revisions\/649"}],"wp:attachment":[{"href":"https:\/\/pyramidgroup-gci.com\/index.php\/wp-json\/wp\/v2\/media?parent=157"}],"curies":[{"name":"wp","href":"https:\/\/api.w.org\/{rel}","templated":true}]}}