{"id":224,"date":"2020-02-18T12:25:37","date_gmt":"2020-02-18T11:25:37","guid":{"rendered":"http:\/\/pyramidgroup-gci.com\/?page_id=224"},"modified":"2020-08-29T17:12:10","modified_gmt":"2020-08-29T15:12:10","slug":"qui-sommes-nous","status":"publish","type":"page","link":"https:\/\/pyramidgroup-gci.com\/index.php\/qui-sommes-nous\/","title":{"rendered":"Qui Sommes-Nous ?"},"content":{"rendered":"<div id=\"pl-224\"  class=\"panel-layout\" ><div id=\"pg-224-0\"  class=\"panel-grid panel-no-style\" ><div id=\"pgc-224-0-0\"  class=\"panel-grid-cell\" ><div id=\"panel-224-0-0-0\" class=\"so-panel widget widget_sow-editor panel-first-child panel-last-child\" data-index=\"0\" ><div class=\"p_content panel-widget-style panel-widget-style-for-224-0-0-0\" ><div class=\"so-widget-sow-editor so-widget-sow-editor-base\">\n<div class=\"siteorigin-widget-tinymce textwidget\">\n\t<p>Pyramid Group se compose d'un certain nombre d'entit\u00e9s juridiques distinctes, chacune se sp\u00e9cialisant dans son propre domaine d'expertise et interagissant en synergie lorsque n\u00e9cessaire :<\/p>\n<\/div>\n<\/div><\/div><\/div><\/div><\/div><div id=\"pg-224-1\"  class=\"panel-grid panel-no-style\" ><div id=\"pgc-224-1-0\"  class=\"panel-grid-cell\" ><div id=\"panel-224-1-0-0\" class=\"so-panel widget widget_sow-headline panel-first-child panel-last-child\" data-index=\"1\" ><div class=\"so-widget-sow-headline so-widget-sow-headline-default-f9104efe2d58\"><div class=\"sow-headline-container \">\n\t<h1 class='sow-headline'>Nos entit\u00e9s juridiques distinctes<\/h1>\t\t\t\t\t<div class=\"decoration\">\n\t\t\t\t\t\t<div class=\"decoration-inside\"><\/div>\n\t\t\t\t\t<\/div>\n\t\t\t\t\t<\/div><\/div><\/div><\/div><\/div><div id=\"pg-224-2\"  class=\"panel-grid panel-no-style\" ><div id=\"pgc-224-2-0\"  class=\"panel-grid-cell\" ><div id=\"panel-224-2-0-0\" class=\"widget_text so-panel widget widget_custom_html panel-first-child panel-last-child\" data-index=\"2\" ><div class=\"textwidget custom-html-widget\"><div class=\"round_bg\">\n\t<h3 style=\"margin-top: 50px;\">\n\t\tGaye Consulting International\n\t<\/h3>\n\t<p style=\"margin-top: 65px;\">Assistance et conseil dans tous les aspects de l'activit\u00e9 des entreprises et des administrations, restructuration d'entreprises, \u00e9tudes de faisabilit\u00e9, privatisation, fusions et acquisitions, etc. ; services bilingues (anglais\/fran\u00e7ais) de secr\u00e9tariat d'entreprise et de sp\u00e9cialiste des contrats ; de traduction et d'interpr\u00e9tation.\t<\/p>\n<\/div><\/div><\/div><\/div><div id=\"pgc-224-2-1\"  class=\"panel-grid-cell\" ><div id=\"panel-224-2-1-0\" class=\"widget_text so-panel widget widget_custom_html panel-first-child panel-last-child\" data-index=\"3\" ><div class=\"widget_text mobile_hide panel-widget-style panel-widget-style-for-224-2-1-0\" ><div class=\"textwidget custom-html-widget\"><i class=\"fas fa-arrows-alt-h\" style=\"font-size: 50px;padding: 21px;margin: 150px auto;\"><\/i><\/div><\/div><\/div><\/div><div id=\"pgc-224-2-2\"  class=\"panel-grid-cell\" ><div id=\"panel-224-2-2-0\" class=\"widget_text so-panel widget widget_custom_html panel-first-child panel-last-child\" data-index=\"4\" ><div class=\"textwidget custom-html-widget\"><div class=\"round_bg\">\n\t<h3 style=\"margin-top: 50px;\">\n\t\tGaye Associ\u00e9s\n\t<\/h3>\n\t<p style=\"margin-top: 80px;\">Services comptables<br\/> \n\t\tAudit et Commissaires aux comptes\n<\/p>\n<\/div><\/div><\/div><\/div><\/div><div id=\"pg-224-3\"  class=\"panel-grid panel-no-style\" ><div id=\"pgc-224-3-0\"  class=\"panel-grid-cell\" ><div id=\"panel-224-3-0-0\" class=\"widget_text so-panel widget widget_custom_html panel-first-child panel-last-child\" data-index=\"5\" ><div class=\"widget_text mobile_hide panel-widget-style panel-widget-style-for-224-3-0-0\" ><div class=\"textwidget custom-html-widget\"><i class=\"fas fa-arrows-alt-v\" style=\"font-size: 50px;padding: 6px;margin: 0px auto;transform:rotate(-20deg);-ms-transform:rotate(-20deg);-moz-transform:rotate(-20deg);-webkit-transform:rotate(-20deg);-o-transform:rotate(-20deg);position: relative;left: 128px;\"><\/i><\/div><\/div><\/div><\/div><div id=\"pgc-224-3-1\"  class=\"panel-grid-cell\" ><div id=\"panel-224-3-1-0\" class=\"widget_text so-panel widget widget_custom_html panel-first-child panel-last-child\" data-index=\"6\" ><div class=\"textwidget custom-html-widget\"><div class=\"round_bg\">\n\t<h3 style=\"margin-top: 50px;\">\n\t\tGaye Fiduciaire International\n\t<\/h3>\n\t<p>Conseil juridique et fiscal<br\/>\n\t<p>\n\t\tGaye Consulting International est une \u00e9manation d'Arthur Andersen Gaye fond\u00e9e en 1960, devenue Arthur Andersen S\u00e9n\u00e9gal puis Gaye & Associ\u00e9s.<\/p>\n\t<p>\n\t\tNotre objectif, par notre implication, est de contribuer \u00e0 la modernisation de la gestion de ces pr\u00e9occupations et \u00e0 l\u2019am\u00e9lioration de leur performance \u00e0 travers :<br\/>\n<ul style=\"list-style: none;padding: 0;\">\n\t<li>-optimisation des ressources disponibles<\/li>\n\t<li>-am\u00e9lioration qualitative<\/li>\n\t<li>-motivation des ressources humaines<\/li>\n\t<\/ul>\n\t<\/p>\n\t<\/p>\n<\/div><\/div><\/div><\/div><div id=\"pgc-224-3-2\"  class=\"panel-grid-cell\" ><div id=\"panel-224-3-2-0\" class=\"widget_text so-panel widget widget_custom_html panel-first-child panel-last-child\" data-index=\"7\" ><div class=\"widget_text mobile_hide panel-widget-style panel-widget-style-for-224-3-2-0\" ><div class=\"textwidget custom-html-widget\"><i class=\"fas fa-arrows-alt-v\" style=\"font-size: 50px;padding: 6px;margin: 0px auto;-webkit-transform: rotate(20deg);position: relative;right: 128px;\"><\/i><\/div><\/div><\/div><\/div><\/div><div id=\"pg-224-4\"  class=\"panel-grid panel-no-style\" ><div id=\"pgc-224-4-0\"  class=\"panel-grid-cell\" ><div id=\"panel-224-4-0-0\" class=\"so-panel widget widget_sow-headline panel-first-child panel-last-child\" data-index=\"8\" ><div class=\"so-widget-sow-headline so-widget-sow-headline-default-f9104efe2d58\"><div class=\"sow-headline-container \">\n\t<h1 class='sow-headline'>LE PROFIL DE NOS MEMBRES<\/h1>\t\t\t\t\t<div class=\"decoration\">\n\t\t\t\t\t\t<div class=\"decoration-inside\"><\/div>\n\t\t\t\t\t<\/div>\n\t\t\t\t\t<\/div><\/div><\/div><\/div><\/div><div id=\"pg-224-5\"  class=\"panel-grid panel-has-style\" ><div class=\"siteorigin-panels-stretch panel-row-style panel-row-style-for-224-5\" data-stretch-type=\"full\" ><div id=\"pgc-224-5-0\"  class=\"panel-grid-cell\" ><div id=\"panel-224-5-0-0\" class=\"so-panel widget widget_sow-headline panel-first-child\" data-index=\"9\" ><div class=\"so-widget-sow-headline so-widget-sow-headline-default-f51cb23e77bb\"><div class=\"sow-headline-container \">\n\t<h3 class='sow-headline'>Rencontrez l'\u00e9quipe de direction<\/h3>\t\t\t\t\t<div class=\"decoration\">\n\t\t\t\t\t\t<div class=\"decoration-inside\"><\/div>\n\t\t\t\t\t<\/div>\n\t\t\t\t\t<\/div><\/div><\/div><div id=\"panel-224-5-0-1\" class=\"so-panel widget widget_text\" data-index=\"10\" >\t\t\t<div class=\"textwidget\"><div class=\"tmm tmm_executiveteam\"><div class=\"tmm_3_columns tmm_wrap tmm_plugin_f\"><span class=\"tmm_two_containers_tablet\"><\/span><div class=\"tmm_container\"><div class=\"tmm_member\" style=\"border-top:#333333 solid 5px;\"><div class=\"tmm_photo tmm_pic_executiveteam_0\" style=\"background: url(http:\/\/pyramidgroup-gci.com\/wp-content\/uploads\/2020\/03\/IMG_0445-scaled.jpg); margin-left: auto; margin-right:auto; background-size:cover !important;\"><\/div><div class=\"tmm_textblock\"><div class=\"tmm_names\"><span class=\"tmm_fname\">Anil<\/span> <span class=\"tmm_lname\">Baznath<\/span><\/div><div class=\"tmm_job\">Managing Partner<\/div><div class=\"tmm_desc\" style=\"text-align:\">Chartered Management and Chartered Secretary, fellow of prestigious British Professional Institutes (FCMA, CGMA &amp; FCIS). Over 40 years of experience in private and public businesses, in the United Kingdom and France as well as developing countries (Mauritius, Benin, Ivory Coast, Senegal). Coined as an expert in the Cotton Industry in West Africa as well as an intimate knowledge of the West African region in various sectors such as automobile, mining, agriculture, textile and many more<\/div><div class=\"tmm_scblock\"><\/div><\/div><\/div><div class=\"tmm_member\" style=\"border-top:#333333 solid 5px;\"><div class=\"tmm_photo tmm_pic_executiveteam_1\" style=\"background: url(http:\/\/pyramidgroup-gci.com\/wp-content\/uploads\/2020\/03\/IMG_0434-scaled.jpg); margin-left: auto; margin-right:auto; background-size:cover !important;\"><\/div><div class=\"tmm_textblock\"><div class=\"tmm_names\"><span class=\"tmm_fname\">Mamadou <\/span> <span class=\"tmm_lname\">Gaye<\/span><\/div><div class=\"tmm_job\">Managing Partner<\/div><div class=\"tmm_desc\" style=\"text-align:\">Public accountant and legal Tax Advisor with over 45 years of  local and international experience. A former partner and Managing partner of Arthur Anderson (worldwide office).He is also the honorary Chairman\/President of the Senegal Professional Association of Accountants and Statutory Auditors (ONECCA).<\/div><div class=\"tmm_scblock\"><\/div><\/div><\/div><div style=\"clear:both;\"><\/div><\/div><\/div><\/div>\n<\/div>\n\t\t<\/div><div id=\"panel-224-5-0-2\" class=\"so-panel widget widget_sow-headline\" data-index=\"11\" ><div class=\"so-widget-sow-headline so-widget-sow-headline-default-f51cb23e77bb\"><div class=\"sow-headline-container \">\n\t<h3 class='sow-headline'>Rencontrez l'\u00e9quipe de gestion<\/h3>\t\t\t\t\t<div class=\"decoration\">\n\t\t\t\t\t\t<div class=\"decoration-inside\"><\/div>\n\t\t\t\t\t<\/div>\n\t\t\t\t\t<\/div><\/div><\/div><div id=\"panel-224-5-0-3\" class=\"so-panel widget widget_text panel-last-child\" data-index=\"12\" >\t\t\t<div class=\"textwidget\"><div class=\"tmm tmm_managementteam\"><div class=\"tmm_3_columns tmm_wrap tmm_plugin_f\"><span class=\"tmm_two_containers_tablet\"><\/span><div class=\"tmm_container\"><div class=\"tmm_member\" style=\"border-top:#333333 solid 5px;\"><div class=\"tmm_photo tmm_pic_managementteam_0\" style=\"background: url(http:\/\/pyramidgroup-gci.com\/wp-content\/uploads\/2020\/03\/IMG_0442-scaled.jpg); margin-left: auto; margin-right:auto; background-size:cover !important;\"><\/div><div class=\"tmm_textblock\"><div class=\"tmm_names\"><span class=\"tmm_fname\">Dhruvraj <\/span> <span class=\"tmm_lname\">P. Baznath<\/span><\/div><div class=\"tmm_job\">Senior Conultant<\/div><div class=\"tmm_desc\" style=\"text-align:\">Chartered Management Accountants from the United Kingdom with 7 years of experience in Canada (Vancouver) working for both public accounting firms (BDO) and in industry. With experience in IT implementation and project management.<\/div><div class=\"tmm_scblock\"><\/div><\/div><\/div><div style=\"clear:both;\"><\/div><\/div><\/div><\/div>\n<\/div>\n\t\t<\/div><\/div><\/div><\/div><div id=\"pg-224-6\"  class=\"panel-grid panel-no-style\" ><div id=\"pgc-224-6-0\"  class=\"panel-grid-cell\" ><div id=\"panel-224-6-0-0\" class=\"so-panel widget widget_sow-headline panel-first-child\" data-index=\"13\" ><div class=\"so-widget-sow-headline so-widget-sow-headline-default-f9104efe2d58\"><div class=\"sow-headline-container \">\n\t<h1 class='sow-headline'>Nos Partenaires<\/h1>\t\t\t\t\t<div class=\"decoration\">\n\t\t\t\t\t\t<div class=\"decoration-inside\"><\/div>\n\t\t\t\t\t<\/div>\n\t\t\t\t\t<\/div><\/div><\/div><div id=\"panel-224-6-0-1\" class=\"so-panel widget widget_text panel-last-child\" data-index=\"14\" >\t\t\t<div class=\"textwidget\">    \t<script>\r\n\t\/*\r\n *  Initialize the slider\r\n *\/\r\n\r\n\t\tjQuery(document).ready(function($){ \r\n\t\t\tjQuery(\"#wpaft-logo-slider-default\").owlCarousel({\r\n\t\t\t\titems: \t\t\t\tNumber(wpaft.items),\r\n\t\t\t\tslideSpeed: \t\tNumber(wpaft.slide_speed),\r\n\t\t\t\tpaginationSpeed: \tNumber(wpaft.pagination_speed),\r\n\t\t\t\trewindSpeed: \t\tNumber(wpaft.rewind_speed),\r\n\t\t\t\tsingleItem: \t\tBoolean('1' == wpaft.single_item),\r\n\t\t\t\tautoPlay: \t\t\tBoolean('1' == wpaft.auto_play),\r\n\t\t\t\tstopOnHover: \t\tBoolean('1' == wpaft.stop_on_hover),\r\n\t\t\t\tnavigation: \t\tBoolean('1' == wpaft.navigation),\r\n\t\t\t\tpagination: \t\tBoolean('1' == wpaft.pagination),\r\n\t\t\t\tresponsive: \t\tBoolean('1' == wpaft.responsive)\r\n\t\t\t});\r\n\t\t});\r\n\t<\/script>\r\n\t<div id=\"wpaft-logo-slider-default\" class=\"owl-carousel\">\r\n\t\t\r\n\t<div class=\"logo-container\">\r\n\t\t\t<img width=\"500\" height=\"274\" src=\"https:\/\/pyramidgroup-gci.com\/wp-content\/uploads\/2020\/03\/CIV.png\" class=\"attachment-full size-full wp-post-image\" alt=\"\" loading=\"lazy\" srcset=\"https:\/\/pyramidgroup-gci.com\/wp-content\/uploads\/2020\/03\/CIV.png 500w, https:\/\/pyramidgroup-gci.com\/wp-content\/uploads\/2020\/03\/CIV-300x164.png 300w\" sizes=\"(max-width: 500px) 100vw, 500px\" \/>\t\t\t\t\t\r\n\t<\/div>\r\n\t\t\r\n\t<div class=\"logo-container\">\r\n\t\t\t<img width=\"500\" height=\"274\" src=\"https:\/\/pyramidgroup-gci.com\/wp-content\/uploads\/2020\/03\/Stella-Clavisque.png\" class=\"attachment-full size-full wp-post-image\" alt=\"\" loading=\"lazy\" srcset=\"https:\/\/pyramidgroup-gci.com\/wp-content\/uploads\/2020\/03\/Stella-Clavisque.png 500w, https:\/\/pyramidgroup-gci.com\/wp-content\/uploads\/2020\/03\/Stella-Clavisque-300x164.png 300w\" sizes=\"(max-width: 500px) 100vw, 500px\" \/>\t\t\t\t\t\r\n\t<\/div>\r\n\t\t\r\n\t<div class=\"logo-container\">\r\n\t\t\t<img width=\"500\" height=\"274\" src=\"https:\/\/pyramidgroup-gci.com\/wp-content\/uploads\/2020\/03\/Unidade-luta-progresso.png\" class=\"attachment-full size-full wp-post-image\" alt=\"\" loading=\"lazy\" srcset=\"https:\/\/pyramidgroup-gci.com\/wp-content\/uploads\/2020\/03\/Unidade-luta-progresso.png 500w, https:\/\/pyramidgroup-gci.com\/wp-content\/uploads\/2020\/03\/Unidade-luta-progresso-300x164.png 300w\" sizes=\"(max-width: 500px) 100vw, 500px\" \/>\t\t\t\t\t\r\n\t<\/div>\r\n\t\t\r\n\t<div class=\"logo-container\">\r\n\t\t\t<img width=\"500\" height=\"274\" src=\"https:\/\/pyramidgroup-gci.com\/wp-content\/uploads\/2020\/03\/Jafza-limited.png\" class=\"attachment-full size-full wp-post-image\" alt=\"\" loading=\"lazy\" srcset=\"https:\/\/pyramidgroup-gci.com\/wp-content\/uploads\/2020\/03\/Jafza-limited.png 500w, https:\/\/pyramidgroup-gci.com\/wp-content\/uploads\/2020\/03\/Jafza-limited-300x164.png 300w\" sizes=\"(max-width: 500px) 100vw, 500px\" \/>\t\t\t\t\t\r\n\t<\/div>\r\n\t\t\r\n\t<div class=\"logo-container\">\r\n\t\t\t<img width=\"500\" height=\"274\" src=\"https:\/\/pyramidgroup-gci.com\/wp-content\/uploads\/2020\/03\/axa.png\" class=\"attachment-full size-full wp-post-image\" alt=\"\" loading=\"lazy\" srcset=\"https:\/\/pyramidgroup-gci.com\/wp-content\/uploads\/2020\/03\/axa.png 500w, https:\/\/pyramidgroup-gci.com\/wp-content\/uploads\/2020\/03\/axa-300x164.png 300w\" sizes=\"(max-width: 500px) 100vw, 500px\" \/>\t\t\t\t\t\r\n\t<\/div>\r\n\t\t\r\n\t<div class=\"logo-container\">\r\n\t\t\t<img width=\"500\" height=\"274\" src=\"https:\/\/pyramidgroup-gci.com\/wp-content\/uploads\/2020\/03\/Olam-1.png\" class=\"attachment-full size-full wp-post-image\" alt=\"\" loading=\"lazy\" srcset=\"https:\/\/pyramidgroup-gci.com\/wp-content\/uploads\/2020\/03\/Olam-1.png 500w, https:\/\/pyramidgroup-gci.com\/wp-content\/uploads\/2020\/03\/Olam-1-300x164.png 300w\" sizes=\"(max-width: 500px) 100vw, 500px\" \/>\t\t\t\t\t\r\n\t<\/div>\r\n\t\t\r\n\t<div class=\"logo-container\">\r\n\t\t\t<img width=\"500\" height=\"274\" src=\"https:\/\/pyramidgroup-gci.com\/wp-content\/uploads\/2020\/03\/Maersk-line.png\" class=\"attachment-full size-full wp-post-image\" alt=\"\" loading=\"lazy\" srcset=\"https:\/\/pyramidgroup-gci.com\/wp-content\/uploads\/2020\/03\/Maersk-line.png 500w, https:\/\/pyramidgroup-gci.com\/wp-content\/uploads\/2020\/03\/Maersk-line-300x164.png 300w\" sizes=\"(max-width: 500px) 100vw, 500px\" \/>\t\t\t\t\t\r\n\t<\/div>\r\n\t\t\r\n\t<div class=\"logo-container\">\r\n\t\t\t<img width=\"500\" height=\"274\" src=\"https:\/\/pyramidgroup-gci.com\/wp-content\/uploads\/2020\/03\/UNESCO-1.png\" class=\"attachment-full size-full wp-post-image\" alt=\"\" loading=\"lazy\" srcset=\"https:\/\/pyramidgroup-gci.com\/wp-content\/uploads\/2020\/03\/UNESCO-1.png 500w, https:\/\/pyramidgroup-gci.com\/wp-content\/uploads\/2020\/03\/UNESCO-1-300x164.png 300w\" sizes=\"(max-width: 500px) 100vw, 500px\" \/>\t\t\t\t\t\r\n\t<\/div>\r\n\t\t\r\n\t<div class=\"logo-container\">\r\n\t\t\t<img width=\"500\" height=\"274\" src=\"https:\/\/pyramidgroup-gci.com\/wp-content\/uploads\/2020\/03\/Redington-3.png\" class=\"attachment-full size-full wp-post-image\" alt=\"\" loading=\"lazy\" srcset=\"https:\/\/pyramidgroup-gci.com\/wp-content\/uploads\/2020\/03\/Redington-3.png 500w, https:\/\/pyramidgroup-gci.com\/wp-content\/uploads\/2020\/03\/Redington-3-300x164.png 300w\" sizes=\"(max-width: 500px) 100vw, 500px\" \/>\t\t\t\t\t\r\n\t<\/div>\r\n\t\t\r\n\t<div class=\"logo-container\">\r\n\t\t\t<img width=\"500\" height=\"274\" src=\"https:\/\/pyramidgroup-gci.com\/wp-content\/uploads\/2020\/03\/ArcelorMittal-2.png\" class=\"attachment-full size-full wp-post-image\" alt=\"\" loading=\"lazy\" srcset=\"https:\/\/pyramidgroup-gci.com\/wp-content\/uploads\/2020\/03\/ArcelorMittal-2.png 500w, https:\/\/pyramidgroup-gci.com\/wp-content\/uploads\/2020\/03\/ArcelorMittal-2-300x164.png 300w\" sizes=\"(max-width: 500px) 100vw, 500px\" \/>\t\t\t\t\t\r\n\t<\/div>\r\n\t\t\r\n\t<div class=\"logo-container\">\r\n\t\t\t<img width=\"500\" height=\"274\" src=\"https:\/\/pyramidgroup-gci.com\/wp-content\/uploads\/2020\/03\/Power-transmission-Limited-1.png\" class=\"attachment-full size-full wp-post-image\" alt=\"\" loading=\"lazy\" srcset=\"https:\/\/pyramidgroup-gci.com\/wp-content\/uploads\/2020\/03\/Power-transmission-Limited-1.png 500w, https:\/\/pyramidgroup-gci.com\/wp-content\/uploads\/2020\/03\/Power-transmission-Limited-1-300x164.png 300w\" sizes=\"(max-width: 500px) 100vw, 500px\" \/>\t\t\t\t\t\r\n\t<\/div>\r\n\t\t\r\n\t<div class=\"logo-container\">\r\n\t\t\t<img width=\"500\" height=\"274\" src=\"https:\/\/pyramidgroup-gci.com\/wp-content\/uploads\/2020\/03\/tata-limited-1.png\" class=\"attachment-full size-full wp-post-image\" alt=\"\" loading=\"lazy\" srcset=\"https:\/\/pyramidgroup-gci.com\/wp-content\/uploads\/2020\/03\/tata-limited-1.png 500w, https:\/\/pyramidgroup-gci.com\/wp-content\/uploads\/2020\/03\/tata-limited-1-300x164.png 300w\" sizes=\"(max-width: 500px) 100vw, 500px\" \/>\t\t\t\t\t\r\n\t<\/div>\r\n\t\t  <\/div>\r\n\t\n<\/div>\n\t\t<\/div><\/div><\/div><\/div>","protected":false},"excerpt":{"rendered":"<p>Pyramid Group se compose d&#8217;un certain nombre d&#8217;entit\u00e9s juridiques distinctes, chacune se sp\u00e9cialisant dans son propre<\/p>\n<div class=\"bottom-meta clearfix\">\n<ul class=\"bottom-meta-list\">\n<li>\n<div class=\"post-more\"><a class=\"read-more\" href=\"https:\/\/pyramidgroup-gci.com\/index.php\/qui-sommes-nous\/\">Read More<\/a><\/div>\n<\/li>\n<\/ul>\n<\/div>\n","protected":false},"author":1,"featured_media":660,"parent":0,"menu_order":0,"comment_status":"closed","ping_status":"closed","template":"template-parts\/full-template.php","meta":[],"_links":{"self":[{"href":"https:\/\/pyramidgroup-gci.com\/index.php\/wp-json\/wp\/v2\/pages\/224"}],"collection":[{"href":"https:\/\/pyramidgroup-gci.com\/index.php\/wp-json\/wp\/v2\/pages"}],"about":[{"href":"https:\/\/pyramidgroup-gci.com\/index.php\/wp-json\/wp\/v2\/types\/page"}],"author":[{"embeddable":true,"href":"https:\/\/pyramidgroup-gci.com\/index.php\/wp-json\/wp\/v2\/users\/1"}],"replies":[{"embeddable":true,"href":"https:\/\/pyramidgroup-gci.com\/index.php\/wp-json\/wp\/v2\/comments?post=224"}],"version-history":[{"count":167,"href":"https:\/\/pyramidgroup-gci.com\/index.php\/wp-json\/wp\/v2\/pages\/224\/revisions"}],"predecessor-version":[{"id":662,"href":"https:\/\/pyramidgroup-gci.com\/index.php\/wp-json\/wp\/v2\/pages\/224\/revisions\/662"}],"wp:featuredmedia":[{"embeddable":true,"href":"https:\/\/pyramidgroup-gci.com\/index.php\/wp-json\/wp\/v2\/media\/660"}],"wp:attachment":[{"href":"https:\/\/pyramidgroup-gci.com\/index.php\/wp-json\/wp\/v2\/media?parent=224"}],"curies":[{"name":"wp","href":"https:\/\/api.w.org\/{rel}","templated":true}]}}