{"id":595,"date":"2020-03-20T12:21:13","date_gmt":"2020-03-20T11:21:13","guid":{"rendered":"http:\/\/pyramidgroup-gci.com\/?page_id=595"},"modified":"2020-03-20T12:21:38","modified_gmt":"2020-03-20T11:21:38","slug":"nos-clients","status":"publish","type":"page","link":"https:\/\/pyramidgroup-gci.com\/index.php\/nos-clients\/","title":{"rendered":"Nos Clients"},"content":{"rendered":"<div id=\"pl-595\"  class=\"panel-layout\" ><div id=\"pg-595-0\"  class=\"panel-grid panel-no-style\" ><div id=\"pgc-595-0-0\"  class=\"panel-grid-cell\" ><div id=\"panel-595-0-0-0\" class=\"so-panel widget widget_text panel-first-child panel-last-child\" data-index=\"0\" >\t\t\t<div class=\"textwidget\"><p>Nous conseillons et avons conseill\u00e9 des entreprises et des organisations de tous les secteurs dans divers pays d&#8217;Afrique de l&#8217;Ouest, notamment au S\u00e9n\u00e9gal. Cela signifie que nous travaillons en \u00e9troite collaboration avec eux et que nous accumulons une grande quantit\u00e9 de connaissances sp\u00e9cialis\u00e9es.<\/p>\n<p>Voici quelques-uns de nos clients : <\/p>\n<\/div>\n\t\t<\/div><\/div><\/div><div id=\"pg-595-1\"  class=\"panel-grid panel-no-style\" ><div id=\"pgc-595-1-0\"  class=\"panel-grid-cell\" ><div id=\"panel-595-1-0-0\" class=\"so-panel widget widget_text panel-first-child panel-last-child\" data-index=\"1\" >\t\t\t<div class=\"textwidget\">    \t<script>\r\n\t\/*\r\n *  Initialize the slider\r\n *\/\r\n\r\n\t\tjQuery(document).ready(function($){ \r\n\t\t\tjQuery(\"#wpaft-logo-slider-default\").owlCarousel({\r\n\t\t\t\titems: \t\t\t\tNumber(wpaft.items),\r\n\t\t\t\tslideSpeed: \t\tNumber(wpaft.slide_speed),\r\n\t\t\t\tpaginationSpeed: \tNumber(wpaft.pagination_speed),\r\n\t\t\t\trewindSpeed: \t\tNumber(wpaft.rewind_speed),\r\n\t\t\t\tsingleItem: \t\tBoolean('1' == wpaft.single_item),\r\n\t\t\t\tautoPlay: \t\t\tBoolean('1' == wpaft.auto_play),\r\n\t\t\t\tstopOnHover: \t\tBoolean('1' == wpaft.stop_on_hover),\r\n\t\t\t\tnavigation: \t\tBoolean('1' == wpaft.navigation),\r\n\t\t\t\tpagination: \t\tBoolean('1' == wpaft.pagination),\r\n\t\t\t\tresponsive: \t\tBoolean('1' == wpaft.responsive)\r\n\t\t\t});\r\n\t\t});\r\n\t<\/script>\r\n\t<div id=\"wpaft-logo-slider-default\" class=\"owl-carousel\">\r\n\t\t\r\n\t<div class=\"logo-container\">\r\n\t\t\t<img width=\"500\" height=\"274\" src=\"https:\/\/pyramidgroup-gci.com\/wp-content\/uploads\/2020\/03\/CIV.png\" class=\"attachment-full size-full wp-post-image\" alt=\"\" loading=\"lazy\" srcset=\"https:\/\/pyramidgroup-gci.com\/wp-content\/uploads\/2020\/03\/CIV.png 500w, https:\/\/pyramidgroup-gci.com\/wp-content\/uploads\/2020\/03\/CIV-300x164.png 300w\" sizes=\"(max-width: 500px) 100vw, 500px\" \/>\t\t\t\t\t\r\n\t<\/div>\r\n\t\t\r\n\t<div class=\"logo-container\">\r\n\t\t\t<img width=\"500\" height=\"274\" src=\"https:\/\/pyramidgroup-gci.com\/wp-content\/uploads\/2020\/03\/Stella-Clavisque.png\" class=\"attachment-full size-full wp-post-image\" alt=\"\" loading=\"lazy\" srcset=\"https:\/\/pyramidgroup-gci.com\/wp-content\/uploads\/2020\/03\/Stella-Clavisque.png 500w, https:\/\/pyramidgroup-gci.com\/wp-content\/uploads\/2020\/03\/Stella-Clavisque-300x164.png 300w\" sizes=\"(max-width: 500px) 100vw, 500px\" \/>\t\t\t\t\t\r\n\t<\/div>\r\n\t\t\r\n\t<div class=\"logo-container\">\r\n\t\t\t<img width=\"500\" height=\"274\" src=\"https:\/\/pyramidgroup-gci.com\/wp-content\/uploads\/2020\/03\/Unidade-luta-progresso.png\" class=\"attachment-full size-full wp-post-image\" alt=\"\" loading=\"lazy\" srcset=\"https:\/\/pyramidgroup-gci.com\/wp-content\/uploads\/2020\/03\/Unidade-luta-progresso.png 500w, https:\/\/pyramidgroup-gci.com\/wp-content\/uploads\/2020\/03\/Unidade-luta-progresso-300x164.png 300w\" sizes=\"(max-width: 500px) 100vw, 500px\" \/>\t\t\t\t\t\r\n\t<\/div>\r\n\t\t\r\n\t<div class=\"logo-container\">\r\n\t\t\t<img width=\"500\" height=\"274\" src=\"https:\/\/pyramidgroup-gci.com\/wp-content\/uploads\/2020\/03\/Jafza-limited.png\" class=\"attachment-full size-full wp-post-image\" alt=\"\" loading=\"lazy\" srcset=\"https:\/\/pyramidgroup-gci.com\/wp-content\/uploads\/2020\/03\/Jafza-limited.png 500w, https:\/\/pyramidgroup-gci.com\/wp-content\/uploads\/2020\/03\/Jafza-limited-300x164.png 300w\" sizes=\"(max-width: 500px) 100vw, 500px\" \/>\t\t\t\t\t\r\n\t<\/div>\r\n\t\t\r\n\t<div class=\"logo-container\">\r\n\t\t\t<img width=\"500\" height=\"274\" src=\"https:\/\/pyramidgroup-gci.com\/wp-content\/uploads\/2020\/03\/axa.png\" class=\"attachment-full size-full wp-post-image\" alt=\"\" loading=\"lazy\" srcset=\"https:\/\/pyramidgroup-gci.com\/wp-content\/uploads\/2020\/03\/axa.png 500w, https:\/\/pyramidgroup-gci.com\/wp-content\/uploads\/2020\/03\/axa-300x164.png 300w\" sizes=\"(max-width: 500px) 100vw, 500px\" \/>\t\t\t\t\t\r\n\t<\/div>\r\n\t\t\r\n\t<div class=\"logo-container\">\r\n\t\t\t<img width=\"500\" height=\"274\" src=\"https:\/\/pyramidgroup-gci.com\/wp-content\/uploads\/2020\/03\/Olam-1.png\" class=\"attachment-full size-full wp-post-image\" alt=\"\" loading=\"lazy\" srcset=\"https:\/\/pyramidgroup-gci.com\/wp-content\/uploads\/2020\/03\/Olam-1.png 500w, https:\/\/pyramidgroup-gci.com\/wp-content\/uploads\/2020\/03\/Olam-1-300x164.png 300w\" sizes=\"(max-width: 500px) 100vw, 500px\" \/>\t\t\t\t\t\r\n\t<\/div>\r\n\t\t\r\n\t<div class=\"logo-container\">\r\n\t\t\t<img width=\"500\" height=\"274\" src=\"https:\/\/pyramidgroup-gci.com\/wp-content\/uploads\/2020\/03\/Maersk-line.png\" class=\"attachment-full size-full wp-post-image\" alt=\"\" loading=\"lazy\" srcset=\"https:\/\/pyramidgroup-gci.com\/wp-content\/uploads\/2020\/03\/Maersk-line.png 500w, https:\/\/pyramidgroup-gci.com\/wp-content\/uploads\/2020\/03\/Maersk-line-300x164.png 300w\" sizes=\"(max-width: 500px) 100vw, 500px\" \/>\t\t\t\t\t\r\n\t<\/div>\r\n\t\t\r\n\t<div class=\"logo-container\">\r\n\t\t\t<img width=\"500\" height=\"274\" src=\"https:\/\/pyramidgroup-gci.com\/wp-content\/uploads\/2020\/03\/UNESCO-1.png\" class=\"attachment-full size-full wp-post-image\" alt=\"\" loading=\"lazy\" srcset=\"https:\/\/pyramidgroup-gci.com\/wp-content\/uploads\/2020\/03\/UNESCO-1.png 500w, https:\/\/pyramidgroup-gci.com\/wp-content\/uploads\/2020\/03\/UNESCO-1-300x164.png 300w\" sizes=\"(max-width: 500px) 100vw, 500px\" \/>\t\t\t\t\t\r\n\t<\/div>\r\n\t\t\r\n\t<div class=\"logo-container\">\r\n\t\t\t<img width=\"500\" height=\"274\" src=\"https:\/\/pyramidgroup-gci.com\/wp-content\/uploads\/2020\/03\/Redington-3.png\" class=\"attachment-full size-full wp-post-image\" alt=\"\" loading=\"lazy\" srcset=\"https:\/\/pyramidgroup-gci.com\/wp-content\/uploads\/2020\/03\/Redington-3.png 500w, https:\/\/pyramidgroup-gci.com\/wp-content\/uploads\/2020\/03\/Redington-3-300x164.png 300w\" sizes=\"(max-width: 500px) 100vw, 500px\" \/>\t\t\t\t\t\r\n\t<\/div>\r\n\t\t\r\n\t<div class=\"logo-container\">\r\n\t\t\t<img width=\"500\" height=\"274\" src=\"https:\/\/pyramidgroup-gci.com\/wp-content\/uploads\/2020\/03\/ArcelorMittal-2.png\" class=\"attachment-full size-full wp-post-image\" alt=\"\" loading=\"lazy\" srcset=\"https:\/\/pyramidgroup-gci.com\/wp-content\/uploads\/2020\/03\/ArcelorMittal-2.png 500w, https:\/\/pyramidgroup-gci.com\/wp-content\/uploads\/2020\/03\/ArcelorMittal-2-300x164.png 300w\" sizes=\"(max-width: 500px) 100vw, 500px\" \/>\t\t\t\t\t\r\n\t<\/div>\r\n\t\t\r\n\t<div class=\"logo-container\">\r\n\t\t\t<img width=\"500\" height=\"274\" src=\"https:\/\/pyramidgroup-gci.com\/wp-content\/uploads\/2020\/03\/Power-transmission-Limited-1.png\" class=\"attachment-full size-full wp-post-image\" alt=\"\" loading=\"lazy\" srcset=\"https:\/\/pyramidgroup-gci.com\/wp-content\/uploads\/2020\/03\/Power-transmission-Limited-1.png 500w, https:\/\/pyramidgroup-gci.com\/wp-content\/uploads\/2020\/03\/Power-transmission-Limited-1-300x164.png 300w\" sizes=\"(max-width: 500px) 100vw, 500px\" \/>\t\t\t\t\t\r\n\t<\/div>\r\n\t\t\r\n\t<div class=\"logo-container\">\r\n\t\t\t<img width=\"500\" height=\"274\" src=\"https:\/\/pyramidgroup-gci.com\/wp-content\/uploads\/2020\/03\/tata-limited-1.png\" class=\"attachment-full size-full wp-post-image\" alt=\"\" loading=\"lazy\" srcset=\"https:\/\/pyramidgroup-gci.com\/wp-content\/uploads\/2020\/03\/tata-limited-1.png 500w, https:\/\/pyramidgroup-gci.com\/wp-content\/uploads\/2020\/03\/tata-limited-1-300x164.png 300w\" sizes=\"(max-width: 500px) 100vw, 500px\" \/>\t\t\t\t\t\r\n\t<\/div>\r\n\t\t  <\/div>\r\n\t\n<\/div>\n\t\t<\/div><\/div><\/div><\/div>","protected":false},"excerpt":{"rendered":"<p>Nous conseillons et avons conseill\u00e9 des entreprises et des organisations de tous les secteurs dans divers<\/p>\n<div class=\"bottom-meta clearfix\">\n<ul class=\"bottom-meta-list\">\n<li>\n<div class=\"post-more\"><a class=\"read-more\" href=\"https:\/\/pyramidgroup-gci.com\/index.php\/nos-clients\/\">Read More<\/a><\/div>\n<\/li>\n<\/ul>\n<\/div>\n","protected":false},"author":1,"featured_media":0,"parent":0,"menu_order":0,"comment_status":"closed","ping_status":"closed","template":"template-parts\/full-template.php","meta":[],"_links":{"self":[{"href":"https:\/\/pyramidgroup-gci.com\/index.php\/wp-json\/wp\/v2\/pages\/595"}],"collection":[{"href":"https:\/\/pyramidgroup-gci.com\/index.php\/wp-json\/wp\/v2\/pages"}],"about":[{"href":"https:\/\/pyramidgroup-gci.com\/index.php\/wp-json\/wp\/v2\/types\/page"}],"author":[{"embeddable":true,"href":"https:\/\/pyramidgroup-gci.com\/index.php\/wp-json\/wp\/v2\/users\/1"}],"replies":[{"embeddable":true,"href":"https:\/\/pyramidgroup-gci.com\/index.php\/wp-json\/wp\/v2\/comments?post=595"}],"version-history":[{"count":1,"href":"https:\/\/pyramidgroup-gci.com\/index.php\/wp-json\/wp\/v2\/pages\/595\/revisions"}],"predecessor-version":[{"id":596,"href":"https:\/\/pyramidgroup-gci.com\/index.php\/wp-json\/wp\/v2\/pages\/595\/revisions\/596"}],"wp:attachment":[{"href":"https:\/\/pyramidgroup-gci.com\/index.php\/wp-json\/wp\/v2\/media?parent=595"}],"curies":[{"name":"wp","href":"https:\/\/api.w.org\/{rel}","templated":true}]}}